{"id":41,"date":"2024-03-26T15:24:54","date_gmt":"2024-03-26T15:24:54","guid":{"rendered":"https:\/\/demo.bravisthemes.com\/fixera\/?page_id=41"},"modified":"2025-07-19T01:00:11","modified_gmt":"2025-07-18T18:00:11","slug":"lien-he-voi-chung-toi","status":"publish","type":"page","link":"https:\/\/anninhvn.vn\/?page_id=41","title":{"rendered":"Li\u00ean h\u1ec7"},"content":{"rendered":"\t\t<div data-elementor-type=\"wp-page\" data-elementor-id=\"41\" class=\"elementor elementor-41\">\n\t\t\t\t        <section class=\"elementor-section elementor-top-section elementor-element elementor-element-797e029 elementor-section-boxed elementor-section-height-default elementor-section-height-default pxl-type-header-none pxl-row-scroll-none\" data-id=\"797e029\" data-element_type=\"section\" data-settings=\"{&quot;background_background&quot;:&quot;classic&quot;}\">\n\n                \n                <div class=\"elementor-container elementor-column-gap-extended \">\n                <div class=\"elementor-column elementor-col-33 elementor-top-column elementor-element elementor-element-abb1a41 pxl-column-element-default pxl-column-none pxl-column-overflow-hidden-no\" data-id=\"abb1a41\" data-element_type=\"column\">\r\n        <div class=\"elementor-widget-wrap elementor-element-populated\">\r\n                     \r\n        \t\t<div class=\"elementor-element elementor-element-277c8a2 elementor-widget elementor-widget-pxl_getintouch\" data-id=\"277c8a2\" data-element_type=\"widget\" data-widget_type=\"pxl_getintouch.default\">\n\t\t\t\t<div class=\"elementor-widget-container\">\n\t\t\t<div class=\"pxl-getintouch1 \" data-wow-delay=\"ms\">\n            <div class=\"pxl-feature\">\n            <img fetchpriority=\"high\" decoding=\"async\" class=\"no-lazyload \" src=\"https:\/\/anninhvn.vn\/wp-content\/uploads\/2025\/05\/Nhan-vien-giam-sat-Camera-e1747955411894-900x600.jpg\" width=\"900\" height=\"600\" alt=\"Nh\u00e2n vi\u00ean gi\u00e1m s\u00e1t Camera\" title=\"Nh\u00e2n vi\u00ean gi\u00e1m s\u00e1t Camera\" \/>        <\/div>\n        <div class=\"pxl-box-content\">\n                            <div class=\"pxl-item--icon icon-right-from-Left\">\n                <a href=\"#\">                    <img decoding=\"async\" width=\"45\" height=\"41\" src=\"https:\/\/anninhvn.vn\/wp-content\/uploads\/2024\/03\/Group-email.png\" class=\"attachment-full\" alt=\"\" \/>                <\/a>            <\/div>\n                            <label class=\"pxl-title-box\">\n                G\u1eedi email            <\/label>\n                            <ul class=\"list-info\">\n                                        <li class=\"item-info\">\n                            <a href=\"congtybaove@anninhvn.vn\">                                                                    <span class=\"pxl-text\">congtybaove@anninhvn.vn<\/span>\n                                                            <\/a>                        <\/li>\n                                        <li class=\"item-info\">\n                            <a href=\"mailto:chuongtv@anninhvn.vn\">                                                                    <span class=\"pxl-text\">chuongtv@anninhvn.vn<\/span>\n                                                            <\/a>                        <\/li>\n                                        <li class=\"item-info\">\n                                                                                                <span class=\"pxl-text\">tuanta@anninhvn.vn<\/span>\n                                                                                    <\/li>\n                            <\/ul>\n            <\/div>\n<\/div>\n\t\t<\/div>\n\t\t\t\t<\/div>\n\t\t            <\/div>\r\n        <\/div>\r\n                <div class=\"elementor-column elementor-col-33 elementor-top-column elementor-element elementor-element-61c8c5a pxl-column-element-default pxl-column-none pxl-column-overflow-hidden-no\" data-id=\"61c8c5a\" data-element_type=\"column\">\r\n        <div class=\"elementor-widget-wrap elementor-element-populated\">\r\n                     \r\n        \t\t<div class=\"elementor-element elementor-element-8b5c5ef elementor-widget elementor-widget-pxl_getintouch\" data-id=\"8b5c5ef\" data-element_type=\"widget\" data-widget_type=\"pxl_getintouch.default\">\n\t\t\t\t<div class=\"elementor-widget-container\">\n\t\t\t<div class=\"pxl-getintouch1 \" data-wow-delay=\"ms\">\n            <div class=\"pxl-feature\">\n            <img decoding=\"async\" class=\"no-lazyload \" src=\"https:\/\/anninhvn.vn\/wp-content\/uploads\/2025\/05\/z5461765335912_ec0f698b82a62067cf320df9566c837a-e1748100072903.jpg\" width=\"276\" height=\"336\" alt=\"z5461765335912_ec0f698b82a62067cf320df9566c837a\" title=\"z5461765335912_ec0f698b82a62067cf320df9566c837a\" \/>        <\/div>\n        <div class=\"pxl-box-content\">\n                            <div class=\"pxl-item--icon icon-bounce-right\">\n                <a href=\"#\">                    <img loading=\"lazy\" decoding=\"async\" width=\"35\" height=\"41\" src=\"https:\/\/anninhvn.vn\/wp-content\/uploads\/2024\/03\/Group-phone.png\" class=\"attachment-full\" alt=\"\" \/>                <\/a>            <\/div>\n                            <label class=\"pxl-title-box\">\n                Li\u00ean h\u1ec7 ngay            <\/label>\n                            <ul class=\"list-info\">\n                                        <li class=\"item-info\">\n                            <a href=\"0274 6252424\">                                                                    <span class=\"pxl-text\">0274 625 24 24<\/span>\n                                                            <\/a>                        <\/li>\n                                        <li class=\"item-info\">\n                            <a href=\"tel:0764454515\">                                                                    <span class=\"pxl-text\">(+84) 764 45 45 15<\/span>\n                                                            <\/a>                        <\/li>\n                                        <li class=\"item-info\">\n                            <a href=\"tel:0389766788\">                                                                    <span class=\"pxl-text\">(+84) 398 766 788<\/span>\n                                                            <\/a>                        <\/li>\n                            <\/ul>\n            <\/div>\n<\/div>\n\t\t<\/div>\n\t\t\t\t<\/div>\n\t\t            <\/div>\r\n        <\/div>\r\n                <div class=\"elementor-column elementor-col-33 elementor-top-column elementor-element elementor-element-9794f01 pxl-column-element-default pxl-column-none pxl-column-overflow-hidden-no\" data-id=\"9794f01\" data-element_type=\"column\">\r\n        <div class=\"elementor-widget-wrap elementor-element-populated\">\r\n                     \r\n        \t\t<div class=\"elementor-element elementor-element-9104994 elementor-widget elementor-widget-pxl_getintouch\" data-id=\"9104994\" data-element_type=\"widget\" data-widget_type=\"pxl_getintouch.default\">\n\t\t\t\t<div class=\"elementor-widget-container\">\n\t\t\t<div class=\"pxl-getintouch1 \" data-wow-delay=\"ms\">\n            <div class=\"pxl-feature\">\n            <img loading=\"lazy\" decoding=\"async\" class=\"no-lazyload \" src=\"https:\/\/anninhvn.vn\/wp-content\/uploads\/2025\/05\/NEN-CTY-1-e1748179687719-900x600.jpg\" width=\"900\" height=\"600\" alt=\"N\u1ec0N CTY (1)\" title=\"N\u1ec0N CTY (1)\" \/>        <\/div>\n        <div class=\"pxl-box-content\">\n                            <div class=\"pxl-item--icon icon-Scale-Delay\">\n                <a href=\"#\">                    <img loading=\"lazy\" decoding=\"async\" width=\"41\" height=\"41\" src=\"https:\/\/anninhvn.vn\/wp-content\/uploads\/2024\/03\/Group-map.png\" class=\"attachment-full\" alt=\"\" \/>                <\/a>            <\/div>\n                            <label class=\"pxl-title-box\">\n                \u0110\u1ecba ch\u1ec9            <\/label>\n                            <ul class=\"list-info\">\n                                        <li class=\"item-info\">\n                            <a href=\"#https:\/\/share.google\/Iva7EU45ibhAs2dYJ\">                                                                    <span class=\"pxl-text\">248\/10, \u0111\u01b0\u1eddng \u0110T 743A, KP.B\u00ecnh Thung 1, Ph\u01b0\u1eddng \u0110\u00f4ng H\u00f2a, Th\u00e0nh ph\u1ed1 H\u1ed3 Ch\u00ed Minh.<\/span>\n                                                            <\/a>                        <\/li>\n                            <\/ul>\n            <\/div>\n<\/div>\n\t\t<\/div>\n\t\t\t\t<\/div>\n\t\t            <\/div>\r\n        <\/div>\r\n        \t\t\t<\/div>\n\t\t<\/section>\n\t\t        <section class=\"elementor-section elementor-top-section elementor-element elementor-element-9143f6d elementor-section-boxed elementor-section-height-default elementor-section-height-default pxl-type-header-none pxl-row-scroll-none\" data-id=\"9143f6d\" data-element_type=\"section\" data-settings=\"{&quot;background_background&quot;:&quot;classic&quot;}\">\n\n                \n                <div class=\"elementor-container elementor-column-gap-extended \">\n                <div class=\"elementor-column elementor-col-100 elementor-top-column elementor-element elementor-element-ef4bcef pxl-column-element-default pxl-column-none pxl-column-overflow-hidden-no\" data-id=\"ef4bcef\" data-element_type=\"column\">\r\n        <div class=\"elementor-widget-wrap elementor-element-populated\">\r\n                     \r\n                    <\/div>\r\n        <\/div>\r\n        \t\t\t<\/div>\n\t\t<\/section>\n\t\t        <section class=\"elementor-section elementor-top-section elementor-element elementor-element-ddd16b9 elementor-section-boxed elementor-section-height-default elementor-section-height-default pxl-type-header-none pxl-row-scroll-none\" data-id=\"ddd16b9\" data-element_type=\"section\" data-settings=\"{&quot;background_background&quot;:&quot;classic&quot;}\">\n\n                \n                <div class=\"elementor-container elementor-column-gap-extended \">\n                <div class=\"elementor-column elementor-col-50 elementor-top-column elementor-element elementor-element-16d29df pxl-column-element-default pxl-column-none pxl-column-overflow-hidden-no\" data-id=\"16d29df\" data-element_type=\"column\">\r\n        <div class=\"elementor-widget-wrap elementor-element-populated\">\r\n                     \r\n        \t\t<div class=\"elementor-element elementor-element-92a344b elementor-widget elementor-widget-pxl_button\" data-id=\"92a344b\" data-element_type=\"widget\" data-widget_type=\"pxl_button.default\">\n\t\t\t\t<div class=\"elementor-widget-container\">\n\t\t\t<div class=\"pxl-button\">\n    <a class=\"btn  btn-default  pxl-icon--right\" href=\"#\" data-wow-delay=\"ms\">\n                <span class=\"pxl--btn-text\" data-text=\"G\u1eecI EMAIL\">\n            G\u1eecI EMAIL        <\/span>\n    <\/a>\n<\/div>\t\t<\/div>\n\t\t\t\t<\/div>\n\t\t\t\t<div class=\"elementor-element elementor-element-243d81e elementor-widget elementor-widget-pxl_heading\" data-id=\"243d81e\" data-element_type=\"widget\" data-widget_type=\"pxl_heading.default\">\n\t\t\t\t<div class=\"elementor-widget-container\">\n\t\t\t<div class=\"pxl-heading\">\n\t<div class=\"pxl-heading--inner\">\n\t\t\t\t<h3 class=\"pxl-item--title \" data-wow-delay=\"ms\">\n\t\t\tLi\u00ean h\u1ec7 v\u1edbi ch\u00fang t\u00f4i n\u1ebfu c\u00f3 th\u1eafc m\u1eafc v\u00e0 d\u1ecbch v\u1ee5\t\t\n\t\t<\/h3>\n\t\t\t<\/div>\n<\/div>\t\t<\/div>\n\t\t\t\t<\/div>\n\t\t\t\t<div class=\"elementor-element elementor-element-6d5b460 elementor-widget elementor-widget-pxl_text_editor\" data-id=\"6d5b460\" data-element_type=\"widget\" data-widget_type=\"pxl_text_editor.default\">\n\t\t\t\t<div class=\"elementor-widget-container\">\n\t\t\t<div class=\"pxl-text-editor \">\n\t<div class=\"pxl-item--inner \" data-wow-delay=\"ms\">\n\t\t<p>B\u1ea1n \u0111ang c\u00f3 nhu c\u1ea7u s\u1eed d\u1ee5ng d\u1ecbch v\u1ee5 b\u1ea3o v\u1ec7 v\u00e0 gi\u1ea3i ph\u00e1p v\u1ec1 an ninh ? H\u00e3y li\u00ean h\u1ec7 ngay v\u1edbi c\u00f4ng ty An Ninh Vi\u1ec7t ngay nh\u00e9 !<\/p>\t<\/div>\n<\/div>\t\t<\/div>\n\t\t\t\t<\/div>\n\t\t            <\/div>\r\n        <\/div>\r\n                <div class=\"elementor-column elementor-col-50 elementor-top-column elementor-element elementor-element-da2a0a5 pxl-column-element-default pxl-column-none pxl-column-overflow-hidden-no\" data-id=\"da2a0a5\" data-element_type=\"column\">\r\n        <div class=\"elementor-widget-wrap elementor-element-populated\">\r\n                     \r\n        \t\t<div class=\"elementor-element elementor-element-2177aad mona-contact-form elementor-widget elementor-widget-pxl_contact_form\" data-id=\"2177aad\" data-element_type=\"widget\" data-widget_type=\"pxl_contact_form.default\">\n\t\t\t\t<div class=\"elementor-widget-container\">\n\t\t\t    <div class=\"pxl-contact-form pxl-contact-form1 btn-gradient btn-w-auto \" data-wow-delay=\"ms\">\n        \n<div class=\"wpcf7 no-js\" id=\"wpcf7-f615-o1\" lang=\"en-US\" dir=\"ltr\" data-wpcf7-id=\"615\">\n<div class=\"screen-reader-response\"><p role=\"status\" aria-live=\"polite\" aria-atomic=\"true\"><\/p> <ul><\/ul><\/div>\n<form action=\"\/index.php?rest_route=%2Fwp%2Fv2%2Fpages%2F41#wpcf7-f615-o1\" method=\"post\" class=\"wpcf7-form init\" aria-label=\"Contact form\" novalidate=\"novalidate\" data-status=\"init\">\n<div style=\"display: none;\">\n<input type=\"hidden\" name=\"_wpcf7\" value=\"615\" \/>\n<input type=\"hidden\" name=\"_wpcf7_version\" value=\"6.0\" \/>\n<input type=\"hidden\" name=\"_wpcf7_locale\" value=\"en_US\" \/>\n<input type=\"hidden\" name=\"_wpcf7_unit_tag\" value=\"wpcf7-f615-o1\" \/>\n<input type=\"hidden\" name=\"_wpcf7_container_post\" value=\"0\" \/>\n<input type=\"hidden\" name=\"_wpcf7_posted_data_hash\" value=\"\" \/>\n<\/div>\n<div class=\"wp-row-ctf7\">\n\t<div class=\"row input-contact\">\n\t\t<div class=\"col-xl-6 col-lg-6 col-md-6 col-sm-12\">\n\t\t\t<div class=\"input-filled\">\n\t\t\t\t<p><span class=\"wpcf7-form-control-wrap\" data-name=\"your-name\"><input size=\"40\" maxlength=\"400\" class=\"wpcf7-form-control wpcf7-text wpcf7-validates-as-required\" autocomplete=\"name\" aria-required=\"true\" aria-invalid=\"false\" placeholder=\"H\u1ecd t\u00ean*\" value=\"\" type=\"text\" name=\"your-name\" \/><\/span>\n\t\t\t\t<\/p>\n\t\t\t<\/div>\n\t\t<\/div>\n\t\t<div class=\"col-xl-6 col-lg-6 col-md-6 col-sm-12\">\n\t\t\t<div class=\"input-filled\">\n\t\t\t\t<p><span class=\"wpcf7-form-control-wrap\" data-name=\"your-email\"><input size=\"40\" maxlength=\"400\" class=\"wpcf7-form-control wpcf7-email wpcf7-validates-as-required wpcf7-text wpcf7-validates-as-email\" autocomplete=\"email\" aria-required=\"true\" aria-invalid=\"false\" placeholder=\"Email*\" value=\"\" type=\"email\" name=\"your-email\" \/><\/span>\n\t\t\t\t<\/p>\n\t\t\t<\/div>\n\t\t<\/div>\n\t\t<div class=\"col-xl-6 col-lg-6 col-md-6 col-sm-12\">\n\t\t\t<div class=\"input-filled\">\n\t\t\t\t<p><span class=\"wpcf7-form-control-wrap\" data-name=\"your-phone\"><input size=\"40\" maxlength=\"400\" class=\"wpcf7-form-control wpcf7-text wpcf7-validates-as-required\" aria-required=\"true\" aria-invalid=\"false\" placeholder=\"S\u1ed1 \u0111i\u1ec7n tho\u1ea1i*\" value=\"\" type=\"text\" name=\"your-phone\" \/><\/span>\n\t\t\t\t<\/p>\n\t\t\t<\/div>\n\t\t<\/div>\n\t\t<div class=\"col-xl-6 col-lg-6 col-md-6 col-sm-12\">\n\t\t\t<div class=\"input-filled\">\n\t\t\t\t<p><span class=\"wpcf7-form-control-wrap\" data-name=\"text-664\"><input size=\"40\" maxlength=\"400\" class=\"wpcf7-form-control wpcf7-text wpcf7-validates-as-required\" aria-required=\"true\" aria-invalid=\"false\" placeholder=\"Ch\u1ee7 \u0111\u1ec1*\" value=\"\" type=\"text\" name=\"text-664\" \/><\/span>\n\t\t\t\t<\/p>\n\t\t\t<\/div>\n\t\t<\/div>\n\t\t<div class=\"col-xl-12 col-lg-12 col-md-12 col-sm-12\">\n\t\t\t<div class=\"input-filled\">\n\t\t\t\t<p><span class=\"wpcf7-form-control-wrap\" data-name=\"textarea-571\"><textarea cols=\"40\" rows=\"10\" maxlength=\"2000\" class=\"wpcf7-form-control wpcf7-textarea\" aria-invalid=\"false\" placeholder=\"N\u1ed9i dung\" name=\"textarea-571\"><\/textarea><\/span>\n\t\t\t\t<\/p>\n\t\t\t<\/div>\n\t\t\t<p><span id=\"wpcf7-69e22dcc4ef4c-wrapper\" class=\"wpcf7-form-control-wrap Email-wrap\" style=\"display:none !important; visibility:hidden !important;\"><label for=\"wpcf7-69e22dcc4ef4c-field\" class=\"hp-message\">Please leave this field empty.<\/label><input id=\"wpcf7-69e22dcc4ef4c-field\"  class=\"wpcf7-form-control wpcf7-text\" type=\"text\" name=\"Email\" value=\"\" size=\"40\" tabindex=\"-1\" autocomplete=\"new-password\" \/><\/span>\n\t\t\t<\/p>\n\t\t\t<div class=\"input-filled input-filled-btn\">\n\t\t\t\t<p><button class=\"wpcf7-submit\" type=\"submit\"><span>G\u1eedi li\u00ean h\u1ec7<\/span><\/button>\n\t\t\t\t<\/p>\n\t\t\t<\/div>\n\t\t<\/div>\n\t<\/div>\n<\/div><div class=\"wpcf7-response-output\" aria-hidden=\"true\"><\/div>\n<\/form>\n<\/div>\n    <\/div>\n\t\t<\/div>\n\t\t\t\t<\/div>\n\t\t            <\/div>\r\n        <\/div>\r\n        \t\t\t<\/div>\n\t\t<\/section>\n\t\t\t\t<\/div>\n\t\t","protected":false},"excerpt":{"rendered":"<p>G\u1eedi email congtybaove@anninhvn.vn chuongtv@anninhvn.vn tuanta@anninhvn.vn Li\u00ean h\u1ec7 ngay 0274 625 24 24 (+84) 764 45 45 15 (+84) 398 766 788 \u0110\u1ecba ch\u1ec9 248\/10, \u0111\u01b0\u1eddng \u0110T 743A, KP.B\u00ecnh Thung 1, Ph\u01b0\u1eddng \u0110\u00f4ng H\u00f2a, Th\u00e0nh ph\u1ed1 H\u1ed3 Ch\u00ed Minh. G\u1eecI EMAIL Li\u00ean h\u1ec7 v\u1edbi ch\u00fang t\u00f4i n\u1ebfu c\u00f3 th\u1eafc m\u1eafc v\u00e0 d\u1ecbch v\u1ee5 B\u1ea1n \u0111ang c\u00f3 [&hellip;]<\/p>\n","protected":false},"author":3,"featured_media":0,"parent":0,"menu_order":0,"comment_status":"closed","ping_status":"closed","template":"","meta":{"footnotes":""},"class_list":["post-41","page","type-page","status-publish","hentry"],"yoast_head":"<!-- This site is optimized with the Yoast SEO plugin v25.4 - https:\/\/yoast.com\/wordpress\/plugins\/seo\/ -->\n<title>Li\u00ean h\u1ec7 - C\u00f4ng ty TNHH D\u1ecbch V\u1ee5 B\u1ea3o V\u1ec7 An Ninh Vi\u1ec7t<\/title>\n<meta name=\"robots\" content=\"index, follow, max-snippet:-1, max-image-preview:large, max-video-preview:-1\" \/>\n<link rel=\"canonical\" href=\"https:\/\/anninhvn.vn\/?page_id=41\" \/>\n<meta property=\"og:locale\" content=\"vi_VN\" \/>\n<meta property=\"og:type\" content=\"article\" \/>\n<meta property=\"og:title\" content=\"Li\u00ean h\u1ec7 - C\u00f4ng ty TNHH D\u1ecbch V\u1ee5 B\u1ea3o V\u1ec7 An Ninh Vi\u1ec7t\" \/>\n<meta property=\"og:description\" content=\"G\u1eedi email congtybaove@anninhvn.vn chuongtv@anninhvn.vn tuanta@anninhvn.vn Li\u00ean h\u1ec7 ngay 0274 625 24 24 (+84) 764 45 45 15 (+84) 398 766 788 \u0110\u1ecba ch\u1ec9 248\/10, \u0111\u01b0\u1eddng \u0110T 743A, KP.B\u00ecnh Thung 1, Ph\u01b0\u1eddng \u0110\u00f4ng H\u00f2a, Th\u00e0nh ph\u1ed1 H\u1ed3 Ch\u00ed Minh. G\u1eecI EMAIL Li\u00ean h\u1ec7 v\u1edbi ch\u00fang t\u00f4i n\u1ebfu c\u00f3 th\u1eafc m\u1eafc v\u00e0 d\u1ecbch v\u1ee5 B\u1ea1n \u0111ang c\u00f3 [&hellip;]\" \/>\n<meta property=\"og:url\" content=\"https:\/\/anninhvn.vn\/?page_id=41\" \/>\n<meta property=\"og:site_name\" content=\"C\u00f4ng ty TNHH D\u1ecbch V\u1ee5 B\u1ea3o V\u1ec7 An Ninh Vi\u1ec7t\" \/>\n<meta property=\"article:modified_time\" content=\"2025-07-18T18:00:11+00:00\" \/>\n<meta property=\"og:image\" content=\"https:\/\/anninhvn.vn\/wp-content\/uploads\/2025\/05\/Nhan-vien-giam-sat-Camera-e1747955411894-900x600.jpg\" \/>\n<meta name=\"twitter:card\" content=\"summary_large_image\" \/>\n<meta name=\"twitter:label1\" content=\"\u01af\u1edbc t\u00ednh th\u1eddi gian \u0111\u1ecdc\" \/>\n\t<meta name=\"twitter:data1\" content=\"2 ph\u00fat\" \/>\n<script type=\"application\/ld+json\" class=\"yoast-schema-graph\">{\"@context\":\"https:\/\/schema.org\",\"@graph\":[{\"@type\":\"WebPage\",\"@id\":\"https:\/\/anninhvn.vn\/?page_id=41\",\"url\":\"https:\/\/anninhvn.vn\/?page_id=41\",\"name\":\"Li\u00ean h\u1ec7 - C\u00f4ng ty TNHH D\u1ecbch V\u1ee5 B\u1ea3o V\u1ec7 An Ninh Vi\u1ec7t\",\"isPartOf\":{\"@id\":\"https:\/\/anninhvn.vn\/#website\"},\"primaryImageOfPage\":{\"@id\":\"https:\/\/anninhvn.vn\/?page_id=41#primaryimage\"},\"image\":{\"@id\":\"https:\/\/anninhvn.vn\/?page_id=41#primaryimage\"},\"thumbnailUrl\":\"https:\/\/anninhvn.vn\/wp-content\/uploads\/2025\/05\/Nhan-vien-giam-sat-Camera-e1747955411894-900x600.jpg\",\"datePublished\":\"2024-03-26T15:24:54+00:00\",\"dateModified\":\"2025-07-18T18:00:11+00:00\",\"breadcrumb\":{\"@id\":\"https:\/\/anninhvn.vn\/?page_id=41#breadcrumb\"},\"inLanguage\":\"vi\",\"potentialAction\":[{\"@type\":\"ReadAction\",\"target\":[\"https:\/\/anninhvn.vn\/?page_id=41\"]}]},{\"@type\":\"ImageObject\",\"inLanguage\":\"vi\",\"@id\":\"https:\/\/anninhvn.vn\/?page_id=41#primaryimage\",\"url\":\"https:\/\/anninhvn.vn\/wp-content\/uploads\/2025\/05\/Nhan-vien-giam-sat-Camera-e1747955411894.jpg\",\"contentUrl\":\"https:\/\/anninhvn.vn\/wp-content\/uploads\/2025\/05\/Nhan-vien-giam-sat-Camera-e1747955411894.jpg\",\"width\":942,\"height\":920},{\"@type\":\"BreadcrumbList\",\"@id\":\"https:\/\/anninhvn.vn\/?page_id=41#breadcrumb\",\"itemListElement\":[{\"@type\":\"ListItem\",\"position\":1,\"name\":\"Trang ch\u1ee7\",\"item\":\"https:\/\/anninhvn.vn\/\"},{\"@type\":\"ListItem\",\"position\":2,\"name\":\"Li\u00ean h\u1ec7\"}]},{\"@type\":\"WebSite\",\"@id\":\"https:\/\/anninhvn.vn\/#website\",\"url\":\"https:\/\/anninhvn.vn\/\",\"name\":\"C\u00f4ng ty TNHH D\u1ecbch V\u1ee5 B\u1ea3o V\u1ec7 An Ninh Vi\u1ec7t\",\"description\":\"\",\"potentialAction\":[{\"@type\":\"SearchAction\",\"target\":{\"@type\":\"EntryPoint\",\"urlTemplate\":\"https:\/\/anninhvn.vn\/?s={search_term_string}\"},\"query-input\":{\"@type\":\"PropertyValueSpecification\",\"valueRequired\":true,\"valueName\":\"search_term_string\"}}],\"inLanguage\":\"vi\"}]}<\/script>\n<!-- \/ Yoast SEO plugin. -->","yoast_head_json":{"title":"Li\u00ean h\u1ec7 - C\u00f4ng ty TNHH D\u1ecbch V\u1ee5 B\u1ea3o V\u1ec7 An Ninh Vi\u1ec7t","robots":{"index":"index","follow":"follow","max-snippet":"max-snippet:-1","max-image-preview":"max-image-preview:large","max-video-preview":"max-video-preview:-1"},"canonical":"https:\/\/anninhvn.vn\/?page_id=41","og_locale":"vi_VN","og_type":"article","og_title":"Li\u00ean h\u1ec7 - C\u00f4ng ty TNHH D\u1ecbch V\u1ee5 B\u1ea3o V\u1ec7 An Ninh Vi\u1ec7t","og_description":"G\u1eedi email congtybaove@anninhvn.vn chuongtv@anninhvn.vn tuanta@anninhvn.vn Li\u00ean h\u1ec7 ngay 0274 625 24 24 (+84) 764 45 45 15 (+84) 398 766 788 \u0110\u1ecba ch\u1ec9 248\/10, \u0111\u01b0\u1eddng \u0110T 743A, KP.B\u00ecnh Thung 1, Ph\u01b0\u1eddng \u0110\u00f4ng H\u00f2a, Th\u00e0nh ph\u1ed1 H\u1ed3 Ch\u00ed Minh. G\u1eecI EMAIL Li\u00ean h\u1ec7 v\u1edbi ch\u00fang t\u00f4i n\u1ebfu c\u00f3 th\u1eafc m\u1eafc v\u00e0 d\u1ecbch v\u1ee5 B\u1ea1n \u0111ang c\u00f3 [&hellip;]","og_url":"https:\/\/anninhvn.vn\/?page_id=41","og_site_name":"C\u00f4ng ty TNHH D\u1ecbch V\u1ee5 B\u1ea3o V\u1ec7 An Ninh Vi\u1ec7t","article_modified_time":"2025-07-18T18:00:11+00:00","og_image":[{"url":"https:\/\/anninhvn.vn\/wp-content\/uploads\/2025\/05\/Nhan-vien-giam-sat-Camera-e1747955411894-900x600.jpg","type":"","width":"","height":""}],"twitter_card":"summary_large_image","twitter_misc":{"\u01af\u1edbc t\u00ednh th\u1eddi gian \u0111\u1ecdc":"2 ph\u00fat"},"schema":{"@context":"https:\/\/schema.org","@graph":[{"@type":"WebPage","@id":"https:\/\/anninhvn.vn\/?page_id=41","url":"https:\/\/anninhvn.vn\/?page_id=41","name":"Li\u00ean h\u1ec7 - C\u00f4ng ty TNHH D\u1ecbch V\u1ee5 B\u1ea3o V\u1ec7 An Ninh Vi\u1ec7t","isPartOf":{"@id":"https:\/\/anninhvn.vn\/#website"},"primaryImageOfPage":{"@id":"https:\/\/anninhvn.vn\/?page_id=41#primaryimage"},"image":{"@id":"https:\/\/anninhvn.vn\/?page_id=41#primaryimage"},"thumbnailUrl":"https:\/\/anninhvn.vn\/wp-content\/uploads\/2025\/05\/Nhan-vien-giam-sat-Camera-e1747955411894-900x600.jpg","datePublished":"2024-03-26T15:24:54+00:00","dateModified":"2025-07-18T18:00:11+00:00","breadcrumb":{"@id":"https:\/\/anninhvn.vn\/?page_id=41#breadcrumb"},"inLanguage":"vi","potentialAction":[{"@type":"ReadAction","target":["https:\/\/anninhvn.vn\/?page_id=41"]}]},{"@type":"ImageObject","inLanguage":"vi","@id":"https:\/\/anninhvn.vn\/?page_id=41#primaryimage","url":"https:\/\/anninhvn.vn\/wp-content\/uploads\/2025\/05\/Nhan-vien-giam-sat-Camera-e1747955411894.jpg","contentUrl":"https:\/\/anninhvn.vn\/wp-content\/uploads\/2025\/05\/Nhan-vien-giam-sat-Camera-e1747955411894.jpg","width":942,"height":920},{"@type":"BreadcrumbList","@id":"https:\/\/anninhvn.vn\/?page_id=41#breadcrumb","itemListElement":[{"@type":"ListItem","position":1,"name":"Trang ch\u1ee7","item":"https:\/\/anninhvn.vn\/"},{"@type":"ListItem","position":2,"name":"Li\u00ean h\u1ec7"}]},{"@type":"WebSite","@id":"https:\/\/anninhvn.vn\/#website","url":"https:\/\/anninhvn.vn\/","name":"C\u00f4ng ty TNHH D\u1ecbch V\u1ee5 B\u1ea3o V\u1ec7 An Ninh Vi\u1ec7t","description":"","potentialAction":[{"@type":"SearchAction","target":{"@type":"EntryPoint","urlTemplate":"https:\/\/anninhvn.vn\/?s={search_term_string}"},"query-input":{"@type":"PropertyValueSpecification","valueRequired":true,"valueName":"search_term_string"}}],"inLanguage":"vi"}]}},"_links":{"self":[{"href":"https:\/\/anninhvn.vn\/index.php?rest_route=\/wp\/v2\/pages\/41","targetHints":{"allow":["GET"]}}],"collection":[{"href":"https:\/\/anninhvn.vn\/index.php?rest_route=\/wp\/v2\/pages"}],"about":[{"href":"https:\/\/anninhvn.vn\/index.php?rest_route=\/wp\/v2\/types\/page"}],"author":[{"embeddable":true,"href":"https:\/\/anninhvn.vn\/index.php?rest_route=\/wp\/v2\/users\/3"}],"replies":[{"embeddable":true,"href":"https:\/\/anninhvn.vn\/index.php?rest_route=%2Fwp%2Fv2%2Fcomments&post=41"}],"version-history":[{"count":43,"href":"https:\/\/anninhvn.vn\/index.php?rest_route=\/wp\/v2\/pages\/41\/revisions"}],"predecessor-version":[{"id":20114,"href":"https:\/\/anninhvn.vn\/index.php?rest_route=\/wp\/v2\/pages\/41\/revisions\/20114"}],"wp:attachment":[{"href":"https:\/\/anninhvn.vn\/index.php?rest_route=%2Fwp%2Fv2%2Fmedia&parent=41"}],"curies":[{"name":"wp","href":"https:\/\/api.w.org\/{rel}","templated":true}]}}